{"id":2935,"date":"2020-09-30T16:25:07","date_gmt":"2020-09-30T07:25:07","guid":{"rendered":"https:\/\/perfectedbytime-jp.eu\/noticias\/"},"modified":"2025-01-23T01:11:14","modified_gmt":"2025-01-22T16:11:14","slug":"news","status":"publish","type":"page","link":"https:\/\/perfectedbytime-jp.eu\/es\/news\/","title":{"rendered":"Noticias"},"content":{"rendered":"\n<p>Sigue aqu\u00ed la actualidad del sector y las \u00faltimas noticias sobre la campa\u00f1a.\u202f<\/p>\n","protected":false},"excerpt":{"rendered":"<p>Sigue aqu\u00ed la actualidad del sector y las \u00faltimas noticias sobre la campa\u00f1a.\u202f<\/p>\n","protected":false},"author":1,"featured_media":0,"parent":0,"menu_order":14,"comment_status":"closed","ping_status":"closed","template":"page-news.php","meta":{"_acf_changed":false,"inline_featured_image":false,"footnotes":""},"class_list":["post-2935","page","type-page","status-publish","hentry"],"acf":[],"aioseo_notices":[],"jetpack_sharing_enabled":true,"_links":{"self":[{"href":"https:\/\/perfectedbytime-jp.eu\/es\/wp-json\/wp\/v2\/pages\/2935","targetHints":{"allow":["GET"]}}],"collection":[{"href":"https:\/\/perfectedbytime-jp.eu\/es\/wp-json\/wp\/v2\/pages"}],"about":[{"href":"https:\/\/perfectedbytime-jp.eu\/es\/wp-json\/wp\/v2\/types\/page"}],"author":[{"embeddable":true,"href":"https:\/\/perfectedbytime-jp.eu\/es\/wp-json\/wp\/v2\/users\/1"}],"replies":[{"embeddable":true,"href":"https:\/\/perfectedbytime-jp.eu\/es\/wp-json\/wp\/v2\/comments?post=2935"}],"version-history":[{"count":4,"href":"https:\/\/perfectedbytime-jp.eu\/es\/wp-json\/wp\/v2\/pages\/2935\/revisions"}],"predecessor-version":[{"id":3007,"href":"https:\/\/perfectedbytime-jp.eu\/es\/wp-json\/wp\/v2\/pages\/2935\/revisions\/3007"}],"wp:attachment":[{"href":"https:\/\/perfectedbytime-jp.eu\/es\/wp-json\/wp\/v2\/media?parent=2935"}],"curies":[{"name":"wp","href":"https:\/\/api.w.org\/{rel}","templated":true}]}}